{"id":343,"date":"2023-11-29T17:31:01","date_gmt":"2023-11-29T16:31:01","guid":{"rendered":"https:\/\/cvenerly.es\/?page_id=343"},"modified":"2024-11-14T09:23:13","modified_gmt":"2024-11-14T08:23:13","slug":"politica-de-privacidad","status":"publish","type":"page","link":"https:\/\/cvenerly.es\/?page_id=343","title":{"rendered":"POL\u00cdTICA DE PRIVACIDAD"},"content":{"rendered":"\n<p><strong>RESPONSABLE DEL TRATAMIENTO<\/strong><\/p>\n\n\n\n<p>CV ENERLY S.L.\u00a0, cuya direcci\u00f3n est\u00e1 en CARRETERA CM-400, KM 127, 13700 \u2013 TOMELLOSO (CIUDAD REAL), con direcci\u00f3n de correo electr\u00f3nico\u00a0rgpd@cvenerly.es\u00a0 \u00a0<\/p>\n\n\n\n<p>Inscrita en el Registro Mercantil de&nbsp; R. MERCANTIL CIUDAD REAL HOJA CR-20804 TOMO 527 FOLIO 177.<\/p>\n\n\n\n<p><strong>CUMPLIMIENTO DE LA NORMATIVA<\/strong><\/p>\n\n\n\n<p>CV ENERLY S.L.\u00a0garantiza en todo momento el \u00edntegro y pleno cumplimiento de las obligaciones dispuestas por la normativa de protecci\u00f3n de datos y de servicios de la sociedad de la informaci\u00f3n, as\u00ed como por cualquier otra Ley o norma que complemente o sustituya a las anteriores.<\/p>\n\n\n\n<p><strong>FINALIDAD DEL TRATAMIENTO<\/strong><\/p>\n\n\n\n<p>Le informamos de modo expreso, preciso e inequ\u00edvoco que los datos facilitados por usted ser\u00e1n utilizados:<\/p>\n\n\n\n<ul class=\"wp-block-list\">\n<li>Para responder cualquier consulta a trav\u00e9s del tel\u00e9fono, correo electr\u00f3nico o medios de comunicaci\u00f3n electr\u00f3nica, de la misma manera poder resolver cualquier duda, sugerencia, etc. relacionada con nuestros productos y servicios, que puedan realizar a trav\u00e9s del formulario de contacto de nuestra web, as\u00ed como a trav\u00e9s de cualquier formulario dispuesto en nuestras instalaciones. Igualmente, para gestionar cualquier solicitud de sugerencia, duda, queja o reclamaci\u00f3n relacionada con los servicios y productos de\u00a0CV ENERLY S.L.<\/li>\n\n\n\n<li>Para el mantenimiento de las relaciones con clientes, como ser\u00eda, por ejemplo, la contrataci\u00f3n de servicios de CV ENERLY S.L.\u00a0y la consiguiente gesti\u00f3n derivada de la misma.\u00a0<\/li>\n\n\n\n<li>Para el tratamiento de los datos personales de empresarios individuales y personas de contacto de empresas en su mantenimiento de relaciones, independientemente de que sean comerciales\/transaccionales o no.<\/li>\n\n\n\n<li>Para gestionar los curr\u00edculum vitae recibidos y poder as\u00ed participar en los diferentes procesos de selecci\u00f3n de personal que se lleven a cabo en la entidad.<\/li>\n<\/ul>\n\n\n\n<p><strong>LEGITIMACI\u00d3N DEL TRATAMIENTO<\/strong><\/p>\n\n\n\n<ul class=\"wp-block-list\">\n<li>La base legal para el tratamiento de sus datos es el consentimiento del interesado, este consentimiento se solicita a trav\u00e9s de la marcaci\u00f3n de la casilla correspondiente dispuesta al efecto en nuestra p\u00e1gina web as\u00ed como en otros formularios dispuestos al efecto.&nbsp;<\/li>\n\n\n\n<li>La cumplimentaci\u00f3n de todos y cada uno de los campos que aparecen en los formularios dispuestos al efecto en nuestra p\u00e1gina web tiene car\u00e1cter obligatorio (en caso contrario, aparecer\u00e1n marcados con un asterisco los campos que tengan car\u00e1cter obligatorio).<\/li>\n\n\n\n<li>Adicionalmente, basamos la legitimaci\u00f3n en la ejecuci\u00f3n de un contrato o de medidas precontractuales solicitadas por el interesado,<\/li>\n\n\n\n<li>En el inter\u00e9s leg\u00edtimo del responsable, siempre que sobre dichos intereses no prevalezcan los intereses o los derechos y libertades fundamentales de los interesados.<\/li>\n<\/ul>\n\n\n\n<p>La negativa a facilitar sus datos llevar\u00eda aparejada la imposibilidad del mantenimiento y cumplimiento de la relaci\u00f3n con nuestra entidad, ya que los mismos son necesarios para la prestaci\u00f3n de servicios derivada de la misma.<\/p>\n\n\n\n<p><strong>CESI\u00d3N DE LOS DATOS<\/strong><\/p>\n\n\n\n<p>CV ENERLY S.L. no ceder\u00e1 los datos personales a ning\u00fan tercero sin una base jur\u00eddica que legitime este tratamiento.<\/p>\n\n\n\n<p>CV ENERLY S.L.le informa que realizar\u00e1 encargos de tratamiento a terceros conforme al Reglamento de Protecci\u00f3n de Datos, exigi\u00e9ndoles todas las garant\u00edas sobre protecci\u00f3n de datos, siempre que se encuentren dentro del Espacio Econ\u00f3mico Europeo (EEE).<\/p>\n\n\n\n<p><strong>PRINCIPIO DE CALIDAD DEL TRATAMIENTO<\/strong><\/p>\n\n\n\n<p>El interesado ser\u00e1 el \u00fanico responsable de la veracidad y exactitud de los datos aportados, actuando\u00a0CV ENERLY S.L.\u00a0de buena fe como mero prestador del servicio.<\/p>\n\n\n\n<p>En el supuesto de que el interesado facilite datos falsos o de terceras personas sin mediar su consentimiento para ello, responder\u00e1 personalmente frente a\u00a0CV ENERLY S.L.\u00a0los afectados o interesados, Agencia Espa\u00f1ola de Protecci\u00f3n de Datos y, en su caso, autoridades auton\u00f3micas de protecci\u00f3n de datos, de las responsabilidades derivadas de dicha circunstancia.<\/p>\n\n\n\n<p>El interesado se compromete a comunicar a\u00a0CV ENERLY S.L.\u00a0los cambios que se produzcan en sus datos, de forma que respondan con veracidad a su situaci\u00f3n actual en todo momento.<\/p>\n\n\n\n<p><strong>MENORES DE EDAD<\/strong><\/p>\n\n\n\n<p>CV ENERLY S.L.\u00a0no recoge datos de personas menores de catorce a\u00f1os a trav\u00e9s de su p\u00e1gina web. En el supuesto de que una persona menor de catorce a\u00f1os facilite sus datos a trav\u00e9s de los formularios dispuestos al efecto en nuestra p\u00e1gina web o en cualquier otro canal de recogida de los mismos, se proceder\u00e1 a su destrucci\u00f3n inmediata en el mismo momento en que se tenga conocimiento de tal circunstancia.<\/p>\n\n\n\n<p><strong>PRINCIPIOS DE SEGURIDAD DEL TRATAMIENTO<\/strong><\/p>\n\n\n\n<p>CV ENERLY S.L..\u00a0se compromete al cumplimiento de su obligaci\u00f3n de secreto respecto de los datos de car\u00e1cter personal y de su deber de guardarlos y adoptar\u00e1 todas las medidas de \u00edndole t\u00e9cnica y organizativa necesarias que garanticen la seguridad de los datos de car\u00e1cter personal y eviten su alteraci\u00f3n, p\u00e9rdida, tratamiento o acceso no autorizado, habida cuenta del estado de la t\u00e9cnica, la naturaleza, el alcance, el contexto, los fines de tratamiento y los riesgos a que est\u00e9n expuestos, ya provengan de la acci\u00f3n humana o del medio f\u00edsico o natural.<\/p>\n\n\n\n<p><strong>PLAZO DE CONSERVACI\u00d3N DE LOS DATOS<\/strong><\/p>\n\n\n\n<p>Los datos personales del interesado ser\u00e1n tratados de forma activa mientras persista la relaci\u00f3n comercial\/contractual o mientras no ejerza su derecho de supresi\u00f3n.<\/p>\n\n\n\n<p>Una vez finalizado el servicio, se mantendr\u00e1n los datos el tiempo que exige la normativa, y hasta que prescriban las responsabilidades derivadas del mismo.&nbsp;<\/p>\n\n\n\n<p>En caso de los datos personales de los solicitantes de empleo, ser\u00e1n tratados de forma activa mientras persista la relaci\u00f3n o mientras no ejerza su derecho de supresi\u00f3n, nunca llegando a un a\u00f1o desde la \u00faltima interacci\u00f3n con el interesado.<\/p>\n\n\n\n<p><strong>EJERCICIO DE DERECHOS<\/strong><\/p>\n\n\n\n<p>El interesado podr\u00e1 ejercer en cualquier momento, los derechos de acceso, rectificaci\u00f3n, supresi\u00f3n, oposici\u00f3n, portabilidad y limitaci\u00f3n, dirigi\u00e9ndose ala direcci\u00f3n del Responsable del tratamiento CARRETERA CM-400, KM 127, 13700 \u2013 TOMELLOSO (CIUDAD REAL) \u00f3 a la direcci\u00f3n de correo electr\u00f3nico del Responsable\u00a0rgpd@cvenerly.es\u00a0acreditando su identidad con una\u00a0 fotocopia de su DNI o documento equivalente, y especificando el derecho que desea ejercer.\u00a0<\/p>\n\n\n\n<p>Cualquier persona tiene derecho a obtener confirmaci\u00f3n sobre si en\u00a0CV ENERLY S.L.\u00a0estamos tratando datos personales que les conciernan, o no.<\/p>\n\n\n\n<p>Las personas interesadas tienen derecho a acceder a sus datos personales, as\u00ed como a solicitar la rectificaci\u00f3n de los datos inexactos o, en su caso, solicitar su supresi\u00f3n cuando, entre otros motivos, los datos ya no sean necesarios para los fines que fueron recogidos.<\/p>\n\n\n\n<p>En determinadas circunstancias, los interesados podr\u00e1n solicitar la limitaci\u00f3n del tratamiento de sus datos, en cuyo caso \u00fanicamente los conservaremos para el ejercicio o la defensa de reclamaciones.<\/p>\n\n\n\n<p>En determinadas circunstancias y por motivos relacionados con su situaci\u00f3n particular, los interesados podr\u00e1n oponerse al tratamiento de sus datos. En este caso,\u00a0CV ENERLY S.L.\u00a0dejar\u00e1 de tratar los datos, salvo por motivos leg\u00edtimos imperiosos, o el ejercicio o la defensa de posibles reclamaciones.<\/p>\n\n\n\n<p>Si ha otorgado su consentimiento para alguna finalidad concreta, tiene derecho a retirar el consentimiento otorgado en cualquier momento, sin que ello afecte a la licitud del tratamiento basado en el consentimiento previo a su retirada.<\/p>\n\n\n\n<p>El interesado tendr\u00e1 derecho a formular una queja o reclamaci\u00f3n ante la Agencia Espa\u00f1ola de Protecci\u00f3n de Datos (www.agpd.es) en caso de que sienta vulnerados sus derechos en lo concerniente a la protecci\u00f3n de sus datos personales, especialmente cuando no haya obtenido satisfacci\u00f3n en el ejercicio de sus derechos.<\/p>\n","protected":false},"excerpt":{"rendered":"<p>RESPONSABLE DEL TRATAMIENTO CV ENERLY S.L.\u00a0, cuya direcci\u00f3n est\u00e1 en CARRETERA CM-400, KM 127, 13700 \u2013 TOMELLOSO (CIUDAD REAL), con direcci\u00f3n de correo electr\u00f3nico\u00a0rgpd@cvenerly.es\u00a0 \u00a0 Inscrita en el Registro Mercantil de&nbsp; R. MERCANTIL CIUDAD REAL HOJA CR-20804 TOMO 527 FOLIO 177. CUMPLIMIENTO DE LA NORMATIVA CV ENERLY S.L.\u00a0garantiza en todo momento el \u00edntegro y pleno [&hellip;]<\/p>\n","protected":false},"author":1,"featured_media":0,"parent":0,"menu_order":0,"comment_status":"closed","ping_status":"closed","template":"","meta":{"footnotes":""},"class_list":["post-343","page","type-page","status-publish","hentry"],"_links":{"self":[{"href":"https:\/\/cvenerly.es\/index.php?rest_route=\/wp\/v2\/pages\/343","targetHints":{"allow":["GET"]}}],"collection":[{"href":"https:\/\/cvenerly.es\/index.php?rest_route=\/wp\/v2\/pages"}],"about":[{"href":"https:\/\/cvenerly.es\/index.php?rest_route=\/wp\/v2\/types\/page"}],"author":[{"embeddable":true,"href":"https:\/\/cvenerly.es\/index.php?rest_route=\/wp\/v2\/users\/1"}],"replies":[{"embeddable":true,"href":"https:\/\/cvenerly.es\/index.php?rest_route=%2Fwp%2Fv2%2Fcomments&post=343"}],"version-history":[{"count":3,"href":"https:\/\/cvenerly.es\/index.php?rest_route=\/wp\/v2\/pages\/343\/revisions"}],"predecessor-version":[{"id":436,"href":"https:\/\/cvenerly.es\/index.php?rest_route=\/wp\/v2\/pages\/343\/revisions\/436"}],"wp:attachment":[{"href":"https:\/\/cvenerly.es\/index.php?rest_route=%2Fwp%2Fv2%2Fmedia&parent=343"}],"curies":[{"name":"wp","href":"https:\/\/api.w.org\/{rel}","templated":true}]}}